{"id":17,"date":"2016-05-24T21:28:15","date_gmt":"2016-05-24T20:28:15","guid":{"rendered":"http:\/\/maisonbernadette.fr\/?page_id=17"},"modified":"2016-06-11T21:39:06","modified_gmt":"2016-06-11T20:39:06","slug":"a-propos","status":"publish","type":"page","link":"https:\/\/maisonbernadette.fr\/?page_id=17","title":{"rendered":"A propos"},"content":{"rendered":"<p>Bonjour,<\/p>\n<p>Je suis Aude, les \u00ab\u00a0petites mains\u00a0\u00bb de Maison Bernadette.<\/p>\n<p>Depuis toujours, je bricole, je coupe, je couds, je colle&#8230;<\/p>\n<p>Les pieds de mes oncles se souviennent encore de mes tongs avec semelle en bouchons de li\u00e8ge (de vin) et de grosse corde en guise d\u2019attache orteils. Le moteur de l&rsquo;antique Singer de ma Grand-M\u00e8re n&rsquo;a pas support\u00e9 le rythme de fabrication des v\u00eatements pour mes (nombreuses) poup\u00e9es Barbie. Au coll\u00e8ge, toutes les filles avaient un de mes serres-t\u00eates \u00e0 base de papier coll\u00e9 sur lesquels j\u2019enroulais de jolis rubans\u2026 Les premi\u00e8res pluies ont \u00e9t\u00e9 fatales \u00e0 ce florissant commerce&#8230;Pour tromper l\u2019ennui, lors de mon premier cong\u00e9 maternit\u00e9, je me suis lanc\u00e9e dans la cr\u00e9ation de \u00ab\u00a0lampes boules \u00bb \u00e9normes \u00e0 base de pl\u00e2tre de pharmacie dont toutes mes copines doivent encore avoir un exemplaire dans leur grenier (variante\u00a0: cave, garage\u2026)<\/p>\n<p>Quelques ann\u00e9es plus tard, apr\u00e8s des vies familiale et professionnelle plus apais\u00e9es, le besoin, l\u2019envie de cr\u00e9er (et des techniques plus \u00e9prouv\u00e9es\u00a0!!!) sont toujours l\u00e0.<\/p>\n<p>C\u2019est ainsi qu\u2019est n\u00e9e Maison Bernadette.<\/p>\n<p>Chaque pi\u00e8ce est unique, fabriqu\u00e9e \u00e0 la main, \u00e0 Lorient, en Bretagne.<\/p>\n<p><img loading=\"lazy\" decoding=\"async\" class=\" wp-image-19 alignleft\" src=\"https:\/\/maisonbernadette.fr\/wp-content\/uploads\/2016\/05\/Profil-FB-297x300.png\" alt=\"Profil FB\" width=\"143\" height=\"144\" srcset=\"https:\/\/maisonbernadette.fr\/wp-content\/uploads\/2016\/05\/Profil-FB-297x300.png 297w, https:\/\/maisonbernadette.fr\/wp-content\/uploads\/2016\/05\/Profil-FB-150x150.png 150w, https:\/\/maisonbernadette.fr\/wp-content\/uploads\/2016\/05\/Profil-FB-90x90.png 90w, https:\/\/maisonbernadette.fr\/wp-content\/uploads\/2016\/05\/Profil-FB-377x380.png 377w, https:\/\/maisonbernadette.fr\/wp-content\/uploads\/2016\/05\/Profil-FB.png 459w\" sizes=\"auto, (max-width: 143px) 100vw, 143px\" \/><\/p>\n","protected":false},"excerpt":{"rendered":"<p>Bonjour, Je suis Aude, les \u00ab\u00a0petites mains\u00a0\u00bb de Maison Bernadette. Depuis toujours, je bricole, je coupe, je couds, je colle&#8230; Les pieds de mes oncles se souviennent encore de mes tongs avec semelle en bouchons de li\u00e8ge (de vin) et de grosse corde en guise d\u2019attache orteils. Le moteur de l&rsquo;antique Singer de ma Grand-M\u00e8re n&rsquo;a pas support\u00e9 le rythme de fabrication des v\u00eatements pour mes (nombreuses) poup\u00e9es Barbie. Au coll\u00e8ge, toutes les filles avaient un de mes serres-t\u00eates \u00e0 base de papier coll\u00e9 sur lesquels j\u2019enroulais de jolis rubans\u2026 Les premi\u00e8res pluies ont \u00e9t\u00e9 fatales \u00e0 ce florissant commerce&#8230;Pour tromper l\u2019ennui, lors de mon premier cong\u00e9 maternit\u00e9, je me suis lanc\u00e9e dans la cr\u00e9ation de \u00ab\u00a0lampes boules \u00bb \u00e9normes \u00e0 base de pl\u00e2tre de pharmacie dont toutes mes copines doivent encore avoir un exemplaire dans leur grenier (variante\u00a0: cave, garage\u2026) Quelques ann\u00e9es plus tard, apr\u00e8s des vies familiale et professionnelle plus apais\u00e9es, le besoin, l\u2019envie de cr\u00e9er (et des techniques plus \u00e9prouv\u00e9es\u00a0!!!) sont toujours l\u00e0. C\u2019est ainsi qu\u2019est n\u00e9e Maison Bernadette. Chaque pi\u00e8ce est unique, fabriqu\u00e9e \u00e0 la main, \u00e0 Lorient, en Bretagne.<\/p>\n","protected":false},"author":1,"featured_media":0,"parent":0,"menu_order":0,"comment_status":"closed","ping_status":"closed","template":"","meta":{"jetpack_post_was_ever_published":false,"footnotes":""},"class_list":["post-17","page","type-page","status-publish","hentry"],"jetpack_sharing_enabled":true,"jetpack_shortlink":"https:\/\/wp.me\/P7zlEm-h","_links":{"self":[{"href":"https:\/\/maisonbernadette.fr\/index.php?rest_route=\/wp\/v2\/pages\/17","targetHints":{"allow":["GET"]}}],"collection":[{"href":"https:\/\/maisonbernadette.fr\/index.php?rest_route=\/wp\/v2\/pages"}],"about":[{"href":"https:\/\/maisonbernadette.fr\/index.php?rest_route=\/wp\/v2\/types\/page"}],"author":[{"embeddable":true,"href":"https:\/\/maisonbernadette.fr\/index.php?rest_route=\/wp\/v2\/users\/1"}],"replies":[{"embeddable":true,"href":"https:\/\/maisonbernadette.fr\/index.php?rest_route=%2Fwp%2Fv2%2Fcomments&post=17"}],"version-history":[{"count":7,"href":"https:\/\/maisonbernadette.fr\/index.php?rest_route=\/wp\/v2\/pages\/17\/revisions"}],"predecessor-version":[{"id":103,"href":"https:\/\/maisonbernadette.fr\/index.php?rest_route=\/wp\/v2\/pages\/17\/revisions\/103"}],"wp:attachment":[{"href":"https:\/\/maisonbernadette.fr\/index.php?rest_route=%2Fwp%2Fv2%2Fmedia&parent=17"}],"curies":[{"name":"wp","href":"https:\/\/api.w.org\/{rel}","templated":true}]}}